{"id":7,"date":"2025-10-05T16:24:37","date_gmt":"2025-10-05T14:24:37","guid":{"rendered":"https:\/\/www.fv-hambach.de\/?page_id=7"},"modified":"2025-10-05T16:24:37","modified_gmt":"2025-10-05T14:24:37","slug":"unser-vereinszweck","status":"publish","type":"page","link":"https:\/\/www.fv-hambach.de\/index.php\/unser-vereinszweck\/","title":{"rendered":"Unser Vereinszweck"},"content":{"rendered":"\n<p class=\"has-medium-font-size\">Der Zweck des Vereins ist die F\u00f6rderung der Erziehung, Volks- und Berufsbildung durch die Unterst\u00fctzung der Bildungs- und Erziehungsarbeit der Marienkindertagesst\u00e4tte Hambach.<\/p>\n\n\n\n<figure class=\"wp-block-image size-full\"><img decoding=\"async\" src=\"https:\/\/www.fv-hambach.de\/wp-content\/uploads\/2025\/10\/f7b1f71e-d23c-4e8c-94eb-77e6ea966ba1.avif\" alt=\"\" class=\"wp-image-9\"\/><\/figure>\n","protected":false},"excerpt":{"rendered":"<p>Der Zweck des Vereins ist die F\u00f6rderung der Erziehung, Volks- und Berufsbildung durch die Unterst\u00fctzung der Bildungs- und Erziehungsarbeit der Marienkindertagesst\u00e4tte Hambach.<\/p>\n","protected":false},"author":1,"featured_media":0,"parent":0,"menu_order":0,"comment_status":"closed","ping_status":"closed","template":"","meta":{"footnotes":""},"class_list":["post-7","page","type-page","status-publish","hentry"],"_links":{"self":[{"href":"https:\/\/www.fv-hambach.de\/index.php\/wp-json\/wp\/v2\/pages\/7","targetHints":{"allow":["GET"]}}],"collection":[{"href":"https:\/\/www.fv-hambach.de\/index.php\/wp-json\/wp\/v2\/pages"}],"about":[{"href":"https:\/\/www.fv-hambach.de\/index.php\/wp-json\/wp\/v2\/types\/page"}],"author":[{"embeddable":true,"href":"https:\/\/www.fv-hambach.de\/index.php\/wp-json\/wp\/v2\/users\/1"}],"replies":[{"embeddable":true,"href":"https:\/\/www.fv-hambach.de\/index.php\/wp-json\/wp\/v2\/comments?post=7"}],"version-history":[{"count":1,"href":"https:\/\/www.fv-hambach.de\/index.php\/wp-json\/wp\/v2\/pages\/7\/revisions"}],"predecessor-version":[{"id":10,"href":"https:\/\/www.fv-hambach.de\/index.php\/wp-json\/wp\/v2\/pages\/7\/revisions\/10"}],"wp:attachment":[{"href":"https:\/\/www.fv-hambach.de\/index.php\/wp-json\/wp\/v2\/media?parent=7"}],"curies":[{"name":"wp","href":"https:\/\/api.w.org\/{rel}","templated":true}]}}