{"id":65,"date":"2025-10-09T23:55:11","date_gmt":"2025-10-09T21:55:11","guid":{"rendered":"https:\/\/www.fv-hambach.de\/?page_id=65"},"modified":"2025-11-19T16:52:59","modified_gmt":"2025-11-19T15:52:59","slug":"startseite","status":"publish","type":"page","link":"https:\/\/www.fv-hambach.de\/","title":{"rendered":"Herzlich Willkommen"},"content":{"rendered":"\n<p><strong>auf den Internetseiten des F\u00f6rderverein der Marien-KiTa in Hambach!<\/strong><\/p>\n\n\n\n<p>Sch\u00f6n, dass Du den Weg auf unsere Homepage gefunden hast. Der F\u00f6rderverein unterst\u00fctzt die KiTa in vielen Bereichen \u2013 von kleinen Projekten im Alltag bis hin zu gr\u00f6\u00dferen Anschaffungen und Veranstaltungen, die den Kindern zugutekommen.<\/p>\n\n\n\n<p>Damit das gelingt, freuen wir uns \u00fcber jede Form der Unterst\u00fctzung. Ob als aktives Mitglied, gelegentliche Helferin oder Helfer bei Aktionen oder durch kreative Ideen \u2013 jede Hilfe macht einen Unterschied.<\/p>\n\n\n\n<p>Wenn Du mehr \u00fcber unsere Arbeit erfahren m\u00f6chtest oder Interesse daran hast, Dich einzubringen, melde Dich jederzeit gerne bei uns. Gemeinsam k\u00f6nnen wir viel f\u00fcr die Kinder erreichen.<\/p>\n\n\n\n<figure class=\"wp-block-image size-full\"><img loading=\"lazy\" decoding=\"async\" width=\"680\" height=\"453\" src=\"https:\/\/www.fv-hambach.de\/wp-content\/uploads\/2025\/10\/kiga-hambach06.jpg\" alt=\"\" class=\"wp-image-28\" srcset=\"https:\/\/www.fv-hambach.de\/wp-content\/uploads\/2025\/10\/kiga-hambach06.jpg 680w, https:\/\/www.fv-hambach.de\/wp-content\/uploads\/2025\/10\/kiga-hambach06-300x200.jpg 300w\" sizes=\"auto, (max-width: 680px) 100vw, 680px\" \/><\/figure>\n","protected":false},"excerpt":{"rendered":"<p>auf den Internetseiten des F\u00f6rderverein der Marien-KiTa in Hambach! Sch\u00f6n, dass Du den Weg auf unsere Homepage gefunden hast. Der F\u00f6rderverein unterst\u00fctzt die KiTa in vielen Bereichen \u2013 von kleinen &#8230;<\/p>\n","protected":false},"author":1,"featured_media":0,"parent":0,"menu_order":0,"comment_status":"closed","ping_status":"closed","template":"","meta":{"footnotes":""},"class_list":["post-65","page","type-page","status-publish","hentry"],"_links":{"self":[{"href":"https:\/\/www.fv-hambach.de\/index.php\/wp-json\/wp\/v2\/pages\/65","targetHints":{"allow":["GET"]}}],"collection":[{"href":"https:\/\/www.fv-hambach.de\/index.php\/wp-json\/wp\/v2\/pages"}],"about":[{"href":"https:\/\/www.fv-hambach.de\/index.php\/wp-json\/wp\/v2\/types\/page"}],"author":[{"embeddable":true,"href":"https:\/\/www.fv-hambach.de\/index.php\/wp-json\/wp\/v2\/users\/1"}],"replies":[{"embeddable":true,"href":"https:\/\/www.fv-hambach.de\/index.php\/wp-json\/wp\/v2\/comments?post=65"}],"version-history":[{"count":5,"href":"https:\/\/www.fv-hambach.de\/index.php\/wp-json\/wp\/v2\/pages\/65\/revisions"}],"predecessor-version":[{"id":123,"href":"https:\/\/www.fv-hambach.de\/index.php\/wp-json\/wp\/v2\/pages\/65\/revisions\/123"}],"wp:attachment":[{"href":"https:\/\/www.fv-hambach.de\/index.php\/wp-json\/wp\/v2\/media?parent=65"}],"curies":[{"name":"wp","href":"https:\/\/api.w.org\/{rel}","templated":true}]}}