{"id":40,"date":"2025-10-09T23:32:40","date_gmt":"2025-10-09T21:32:40","guid":{"rendered":"https:\/\/www.fv-hambach.de\/?page_id=40"},"modified":"2025-10-09T23:32:40","modified_gmt":"2025-10-09T21:32:40","slug":"impressum","status":"publish","type":"page","link":"https:\/\/www.fv-hambach.de\/index.php\/impressum\/","title":{"rendered":"Impressum"},"content":{"rendered":"\n<h3 class=\"wp-block-heading\"><strong>Verantwortlicher im Sinne des Telemediengesetzes (TMG):<\/strong><\/h3>\n\n\n\n<p>F\u00f6rderverein der Marienkindertagesst\u00e4tte Hambach e. V.<\/p>\n\n\n\n<p>Anschrift:<br>&nbsp;Steinbergstra\u00dfe 10<br>&nbsp;97456 Hambach<br>&nbsp;Telefon: 09725-235<\/p>\n\n\n\n<h3 class=\"wp-block-heading\"><strong>Vertretungsberechtigte (im Sinne \u00a7 26 BGB):<\/strong><\/h3>\n\n\n\n<p>1. Vorsitzender: Christian G\u00e4b<br>2. Vorsitzende: Elke Engels<br><\/p>\n\n\n\n<p>&#8211; jeweils allein vertretungsberechtigt &#8211;&nbsp;<\/p>\n\n\n\n<h3 class=\"wp-block-heading\"><strong>Registergericht<\/strong><\/h3>\n\n\n\n<p>Amtsgericht Schweinfurt<br>Vereinsregisternummer<br>VR 200945<\/p>\n\n\n\n<p><strong>verantwortlich im Sinne des Presserechts:<\/strong><\/p>\n\n\n\n<p>Christian G\u00e4b<\/p>\n\n\n\n<p><\/p>\n\n\n\n<h3 class=\"wp-block-heading\"><strong>Haftungsausschluss<\/strong><\/h3>\n\n\n\n<h3 class=\"wp-block-heading\"><strong>Haftungsausschluss (Disclaimer)<\/strong><\/h3>\n\n\n\n<p>Haftung f\u00fcr Inhalte<\/p>\n\n\n\n<p>Als Diensteanbieter sind wir gem\u00e4\u00df \u00a7 7 Abs.1 TMG f\u00fcr eigene Inhalte auf diesen Seiten nach den allgemeinen Gesetzen verantwortlich. Nach \u00a7\u00a7 8 bis 10 TMG sind wir als Diensteanbieter jedoch nicht verpflichtet, \u00fcbermittelte oder gespeicherte fremde Informationen zu \u00fcberwachen oder nach Umst\u00e4nden zu forschen, die auf eine rechtswidrige T\u00e4tigkeit hinweisen. Verpflichtungen zur Entfernung oder Sperrung der Nutzung von Informationen nach den allgemeinen Gesetzen bleiben hiervon unber\u00fchrt. Eine diesbez\u00fcgliche Haftung ist jedoch erst ab dem Zeitpunkt der Kenntnis einer konkreten Rechtsverletzung m\u00f6glich. Bei Bekanntwerden von entsprechenden Rechtsverletzungen werden wir diese Inhalte umgehend entfernen.<\/p>\n\n\n\n<p>Haftung f\u00fcr Links<\/p>\n\n\n\n<p>Unser Angebot enth\u00e4lt Links zu externen Webseiten Dritter, auf deren Inhalte wir keinen Einfluss haben. Deshalb k\u00f6nnen wir f\u00fcr diese fremden Inhalte auch keine Gew\u00e4hr \u00fcbernehmen. F\u00fcr die Inhalte der verlinkten Seiten ist stets der jeweilige Anbieter oder Betreiber der Seiten verantwortlich. Die verlinkten Seiten wurden zum Zeitpunkt der Verlinkung auf m\u00f6gliche Rechtsverst\u00f6\u00dfe \u00fcberpr\u00fcft. Rechtswidrige Inhalte waren zum Zeitpunkt der Verlinkung nicht erkennbar. Eine permanente inhaltliche Kontrolle der verlinkten Seiten ist jedoch ohne konkrete Anhaltspunkte einer Rechtsverletzung nicht zumutbar. Bei Bekanntwerden von Rechtsverletzungen werden wir derartige Links umgehend entfernen.<\/p>\n\n\n\n<p>Urheberrecht<\/p>\n\n\n\n<p>Die durch die Seitenbetreiber erstellten Inhalte und Werke auf diesen Seiten unterliegen dem deutschen Urheberrecht. Die Vervielf\u00e4ltigung, Bearbeitung, Verbreitung und jede Art der Verwertung au\u00dferhalb der Grenzen des Urheberrechtes bed\u00fcrfen der schriftlichen Zustimmung des jeweiligen Autors bzw. Erstellers. Downloads und Kopien dieser Seite sind nur f\u00fcr den privaten, nicht kommerziellen Gebrauch gestattet. Soweit die Inhalte auf dieser Seite nicht vom Betreiber erstellt wurden, werden die Urheberrechte Dritter beachtet. Insbesondere werden Inhalte Dritter als solche gekennzeichnet. Sollten Sie trotzdem auf eine Urheberrechtsverletzung aufmerksam werden, bitten wir um einen entsprechenden Hinweis. Bei Bekanntwerden von Rechtsverletzungen werden wir derartige Inhalte umgehend entfernen.<\/p>\n","protected":false},"excerpt":{"rendered":"<p>Verantwortlicher im Sinne des Telemediengesetzes (TMG): F\u00f6rderverein der Marienkindertagesst\u00e4tte Hambach e. V. Anschrift:&nbsp;Steinbergstra\u00dfe 10&nbsp;97456 Hambach&nbsp;Telefon: 09725-235 Vertretungsberechtigte (im Sinne \u00a7 26 BGB): 1. Vorsitzender: Christian G\u00e4b2. Vorsitzende: Elke Engels &#8211; &#8230;<\/p>\n","protected":false},"author":1,"featured_media":0,"parent":0,"menu_order":0,"comment_status":"closed","ping_status":"closed","template":"","meta":{"footnotes":""},"class_list":["post-40","page","type-page","status-publish","hentry"],"_links":{"self":[{"href":"https:\/\/www.fv-hambach.de\/index.php\/wp-json\/wp\/v2\/pages\/40","targetHints":{"allow":["GET"]}}],"collection":[{"href":"https:\/\/www.fv-hambach.de\/index.php\/wp-json\/wp\/v2\/pages"}],"about":[{"href":"https:\/\/www.fv-hambach.de\/index.php\/wp-json\/wp\/v2\/types\/page"}],"author":[{"embeddable":true,"href":"https:\/\/www.fv-hambach.de\/index.php\/wp-json\/wp\/v2\/users\/1"}],"replies":[{"embeddable":true,"href":"https:\/\/www.fv-hambach.de\/index.php\/wp-json\/wp\/v2\/comments?post=40"}],"version-history":[{"count":1,"href":"https:\/\/www.fv-hambach.de\/index.php\/wp-json\/wp\/v2\/pages\/40\/revisions"}],"predecessor-version":[{"id":41,"href":"https:\/\/www.fv-hambach.de\/index.php\/wp-json\/wp\/v2\/pages\/40\/revisions\/41"}],"wp:attachment":[{"href":"https:\/\/www.fv-hambach.de\/index.php\/wp-json\/wp\/v2\/media?parent=40"}],"curies":[{"name":"wp","href":"https:\/\/api.w.org\/{rel}","templated":true}]}}