{"id":21,"date":"2025-10-05T16:39:29","date_gmt":"2025-10-05T14:39:29","guid":{"rendered":"https:\/\/www.fv-hambach.de\/?page_id=21"},"modified":"2025-11-19T16:24:47","modified_gmt":"2025-11-19T15:24:47","slug":"mitglied-werden","status":"publish","type":"page","link":"https:\/\/www.fv-hambach.de\/index.php\/mitglied-werden\/","title":{"rendered":"Mitglied werden"},"content":{"rendered":"\n<p>Jeder f\u00e4ngt mal klein an &#8211; so wie wir. Aber Du kannst daf\u00fcr sorgen, dass hier etwas Gro\u00dfes entsteht. Ob aktiv oder passiv, wir freuen uns auf Dich und Deine Unterst\u00fctzung!<\/p>\n\n\n\n<p><\/p>\n\n\n<style id=\"wpforms-css-vars-111-block-4fe73553-7f8a-44ea-a950-536a87cc9ae2\">\n\t\t\t\t#wpforms-111.wpforms-block-4fe73553-7f8a-44ea-a950-536a87cc9ae2 {\n\t\t\t\t--wpforms-field-size-input-height: 43px;\n--wpforms-field-size-input-spacing: 15px;\n--wpforms-field-size-font-size: 16px;\n--wpforms-field-size-line-height: 19px;\n--wpforms-field-size-padding-h: 14px;\n--wpforms-field-size-checkbox-size: 16px;\n--wpforms-field-size-sublabel-spacing: 5px;\n--wpforms-field-size-icon-size: 1;\n--wpforms-label-size-font-size: 16px;\n--wpforms-label-size-line-height: 19px;\n--wpforms-label-size-sublabel-font-size: 14px;\n--wpforms-label-size-sublabel-line-height: 17px;\n--wpforms-button-size-font-size: 17px;\n--wpforms-button-size-height: 41px;\n--wpforms-button-size-padding-h: 15px;\n--wpforms-button-size-margin-top: 10px;\n\t\t\t}\n\t\t\t<\/style><div class=\"wpforms-container wpforms-container-full wpforms-block wpforms-block-4fe73553-7f8a-44ea-a950-536a87cc9ae2 wpforms-render-modern\" id=\"wpforms-111\"><form id=\"wpforms-form-111\" class=\"wpforms-validate wpforms-form wpforms-ajax-form\" data-formid=\"111\" method=\"post\" enctype=\"multipart\/form-data\" action=\"\/index.php\/wp-json\/wp\/v2\/pages\/21\" data-token=\"e814e279a26efb457a86f204a835ad2f\" data-token-time=\"1775262403\"><noscript class=\"wpforms-error-noscript\">Bitte aktiviere JavaScript in deinem Browser, um dieses Formular fertigzustellen.<\/noscript><div id=\"wpforms-error-noscript\" style=\"display: none;\">Bitte aktiviere JavaScript in deinem Browser, um dieses Formular fertigzustellen.<\/div><div class=\"wpforms-field-container\"><div id=\"wpforms-111-field_1-container\" class=\"wpforms-field wpforms-field-name\" data-field-id=\"1\"><fieldset><legend class=\"wpforms-field-label\">Vollst\u00e4ndiger Name <span class=\"wpforms-required-label\" aria-hidden=\"true\">*<\/span><\/legend><div class=\"wpforms-field-row wpforms-field-medium\"><div class=\"wpforms-field-row-block wpforms-first wpforms-one-half\"><input type=\"text\" id=\"wpforms-111-field_1\" class=\"wpforms-field-name-first wpforms-field-required\" name=\"wpforms[fields][1][first]\" aria-errormessage=\"wpforms-111-field_1-error\" required><label for=\"wpforms-111-field_1\" class=\"wpforms-field-sublabel after\">Vorname<\/label><\/div><div class=\"wpforms-field-row-block wpforms-one-half\"><input type=\"text\" id=\"wpforms-111-field_1-last\" class=\"wpforms-field-name-last wpforms-field-required\" name=\"wpforms[fields][1][last]\" aria-errormessage=\"wpforms-111-field_1-last-error\" required><label for=\"wpforms-111-field_1-last\" class=\"wpforms-field-sublabel after\">Nachname<\/label><\/div><\/div><\/fieldset><\/div><div id=\"wpforms-111-field_8-container\" class=\"wpforms-field wpforms-field-text\" data-field-id=\"8\"><label class=\"wpforms-field-label\" for=\"wpforms-111-field_8\">Stra\u00dfe, Hausnumnmer <span class=\"wpforms-required-label\" aria-hidden=\"true\">*<\/span><\/label><input type=\"text\" id=\"wpforms-111-field_8\" class=\"wpforms-field-medium wpforms-field-required\" name=\"wpforms[fields][8]\" aria-errormessage=\"wpforms-111-field_8-error\" required><\/div><div id=\"wpforms-111-field_9-container\" class=\"wpforms-field wpforms-field-text\" data-field-id=\"9\"><label class=\"wpforms-field-label\" for=\"wpforms-111-field_9\">PLZ, Ort <span class=\"wpforms-required-label\" aria-hidden=\"true\">*<\/span><\/label><input type=\"text\" id=\"wpforms-111-field_9\" class=\"wpforms-field-medium wpforms-field-required\" name=\"wpforms[fields][9]\" aria-errormessage=\"wpforms-111-field_9-error\" required><\/div><div id=\"wpforms-111-field_16-container\" class=\"wpforms-field wpforms-field-text\" data-field-id=\"16\"><label class=\"wpforms-field-label\" for=\"wpforms-111-field_16\">Geburtsdatum <span class=\"wpforms-required-label\" aria-hidden=\"true\">*<\/span><\/label><input type=\"text\" id=\"wpforms-111-field_16\" class=\"wpforms-field-medium wpforms-field-required\" name=\"wpforms[fields][16]\" aria-errormessage=\"wpforms-111-field_16-error\" required><\/div><div id=\"wpforms-111-field_2-container\" class=\"wpforms-field wpforms-field-email\" data-field-id=\"2\"><label class=\"wpforms-field-label\" for=\"wpforms-111-field_2\">E-Mail-Adresse <span class=\"wpforms-required-label\" aria-hidden=\"true\">*<\/span><\/label><input type=\"email\" id=\"wpforms-111-field_2\" class=\"wpforms-field-medium wpforms-field-required\" name=\"wpforms[fields][2]\" spellcheck=\"false\" aria-errormessage=\"wpforms-111-field_2-error\" required><\/div>\t\t<div id=\"wpforms-111-field_3-container\"\n\t\t\tclass=\"wpforms-field wpforms-field-text\"\n\t\t\tdata-field-type=\"text\"\n\t\t\tdata-field-id=\"3\"\n\t\t\t>\n\t\t\t<label class=\"wpforms-field-label\" for=\"wpforms-111-field_3\" >Einwilligung des Ort<\/label>\n\t\t\t<input type=\"text\" id=\"wpforms-111-field_3\" class=\"wpforms-field-medium\" name=\"wpforms[fields][3]\" >\n\t\t<\/div>\n\t\t<div id=\"wpforms-111-field_11-container\" class=\"wpforms-field wpforms-field-number\" data-field-id=\"11\"><label class=\"wpforms-field-label\" for=\"wpforms-111-field_11\">Telefonnummer<\/label><input type=\"number\" id=\"wpforms-111-field_11\" class=\"wpforms-field-medium\" name=\"wpforms[fields][11]\" step=\"any\" aria-errormessage=\"wpforms-111-field_11-error\" ><\/div><div id=\"wpforms-111-field_13-container\" class=\"wpforms-field wpforms-field-radio\" data-field-id=\"13\"><fieldset><legend class=\"wpforms-field-label\">Beitragsh\u00f6he <span class=\"wpforms-required-label\" aria-hidden=\"true\">*<\/span><\/legend><ul id=\"wpforms-111-field_13\" class=\"wpforms-field-required\"><li class=\"choice-1 depth-1 wpforms-selected\"><input type=\"radio\" id=\"wpforms-111-field_13_1\" name=\"wpforms[fields][13]\" value=\"15\u20ac (Mindestbeitrag)\" aria-errormessage=\"wpforms-111-field_13_1-error\" required  checked='checked'><label class=\"wpforms-field-label-inline\" for=\"wpforms-111-field_13_1\">15\u20ac (Mindestbeitrag)<\/label><\/li><li class=\"choice-5 depth-1 wpforms-other-choice\"><input type=\"radio\" id=\"wpforms-111-field_13_5\" data-other-choice=\"true\" name=\"wpforms[fields][13]\" value=\"individueller Beitrag\" aria-errormessage=\"wpforms-111-field_13_5-error\" required ><label class=\"wpforms-field-label-inline\" for=\"wpforms-111-field_13_5\">individueller Beitrag<\/label><\/li><\/ul><input type=\"text\" id=\"wpforms-111-field_13_other\" class=\"wpforms-other-input wpforms-field-required wpforms-field-medium wpforms-hidden\" name=\"wpforms[fields][13][other]\" disabled=\"disabled\" required><\/fieldset><\/div><div id=\"wpforms-111-field_15-container\" class=\"wpforms-field wpforms-field-number\" data-field-id=\"15\"><label class=\"wpforms-field-label wpforms-label-hide\" for=\"wpforms-111-field_15\" aria-hidden=\"false\">individueller Beitrag<\/label><input type=\"number\" id=\"wpforms-111-field_15\" class=\"wpforms-field-small\" name=\"wpforms[fields][15]\" placeholder=\"H\u00f6he des individuellen Beitrags\" min=\"15\" step=\"any\" aria-errormessage=\"wpforms-111-field_15-error\" aria-describedby=\"wpforms-111-field_15-description\" ><div id=\"wpforms-111-field_15-description\" class=\"wpforms-field-description\">hier bitte den individuellen Beitrag angeben, wenn Du mehr beitragen m\u00f6chtest als den Mindestbetrag von 15\u20ac<\/div><\/div><div id=\"wpforms-111-field_17-container\" class=\"wpforms-field wpforms-field-text\" data-field-id=\"17\"><label class=\"wpforms-field-label\" for=\"wpforms-111-field_17\">Ich beantrage den Beitritt zum (bitte Datum des Eintritts eintragen) <span class=\"wpforms-required-label\" aria-hidden=\"true\">*<\/span><\/label><input type=\"text\" id=\"wpforms-111-field_17\" class=\"wpforms-field-medium wpforms-field-required\" name=\"wpforms[fields][17]\" aria-errormessage=\"wpforms-111-field_17-error\" required><\/div><div id=\"wpforms-111-field_7-container\" class=\"wpforms-field wpforms-field-checkbox\" data-field-id=\"7\"><fieldset><legend class=\"wpforms-field-label\">Einwilligung zur Datenverarbeitung <span class=\"wpforms-required-label\" aria-hidden=\"true\">*<\/span><\/legend><ul id=\"wpforms-111-field_7\" class=\"wpforms-field-required\"><li class=\"choice-1 depth-1\"><input type=\"checkbox\" id=\"wpforms-111-field_7_1\" name=\"wpforms[fields][7][]\" value=\"Ich erkl\u00e4re mich mit der Satzung des F\u00f6rdervereins und der Verarbeitung meiner Daten gem\u00e4\u00df Datenschutzerkl\u00e4rung einverstanden.\" aria-errormessage=\"wpforms-111-field_7_1-error\" required ><label class=\"wpforms-field-label-inline\" for=\"wpforms-111-field_7_1\">Ich erkl\u00e4re mich mit der Satzung des F\u00f6rdervereins und der Verarbeitung meiner Daten gem\u00e4\u00df Datenschutzerkl\u00e4rung einverstanden.<\/label><\/li><\/ul><\/fieldset><\/div><script>\n\t\t\t\t( function() {\n\t\t\t\t\tconst style = document.createElement( 'style' );\n\t\t\t\t\tstyle.appendChild( document.createTextNode( '#wpforms-111-field_3-container { position: absolute !important; overflow: hidden !important; display: inline !important; height: 1px !important; width: 1px !important; z-index: -1000 !important; padding: 0 !important; } #wpforms-111-field_3-container input { visibility: hidden; } #wpforms-conversational-form-page #wpforms-111-field_3-container label { counter-increment: none; }' ) );\n\t\t\t\t\tdocument.head.appendChild( style );\n\t\t\t\t\tdocument.currentScript?.remove();\n\t\t\t\t} )();\n\t\t\t<\/script><\/div><!-- .wpforms-field-container --><div class=\"wpforms-submit-container\" ><input type=\"hidden\" name=\"wpforms[id]\" value=\"111\"><input type=\"hidden\" name=\"page_title\" value=\"\"><input type=\"hidden\" name=\"page_url\" value=\"https:\/\/www.fv-hambach.de\/index.php\/wp-json\/wp\/v2\/pages\/21\"><input type=\"hidden\" name=\"url_referer\" value=\"\"><button type=\"submit\" name=\"wpforms[submit]\" id=\"wpforms-submit-111\" class=\"wpforms-submit\" data-alt-text=\"Wird gesendet\u00a0\u2026\" data-submit-text=\"Beitreten\" aria-live=\"assertive\" value=\"wpforms-submit\">Beitreten<\/button><img loading=\"lazy\" decoding=\"async\" src=\"https:\/\/www.fv-hambach.de\/wp-content\/plugins\/wpforms-lite\/assets\/images\/submit-spin.svg\" class=\"wpforms-submit-spinner\" style=\"display: none;\" width=\"26\" height=\"26\" alt=\"Wird geladen\"><\/div><\/form><\/div>  <!-- .wpforms-container -->","protected":false},"excerpt":{"rendered":"<p>Jeder f\u00e4ngt mal klein an &#8211; so wie wir. Aber Du kannst daf\u00fcr sorgen, dass hier etwas Gro\u00dfes entsteht. Ob aktiv oder passiv, wir freuen uns auf Dich und Deine &#8230;<\/p>\n","protected":false},"author":1,"featured_media":0,"parent":0,"menu_order":0,"comment_status":"closed","ping_status":"closed","template":"","meta":{"footnotes":""},"class_list":["post-21","page","type-page","status-publish","hentry"],"_links":{"self":[{"href":"https:\/\/www.fv-hambach.de\/index.php\/wp-json\/wp\/v2\/pages\/21","targetHints":{"allow":["GET"]}}],"collection":[{"href":"https:\/\/www.fv-hambach.de\/index.php\/wp-json\/wp\/v2\/pages"}],"about":[{"href":"https:\/\/www.fv-hambach.de\/index.php\/wp-json\/wp\/v2\/types\/page"}],"author":[{"embeddable":true,"href":"https:\/\/www.fv-hambach.de\/index.php\/wp-json\/wp\/v2\/users\/1"}],"replies":[{"embeddable":true,"href":"https:\/\/www.fv-hambach.de\/index.php\/wp-json\/wp\/v2\/comments?post=21"}],"version-history":[{"count":5,"href":"https:\/\/www.fv-hambach.de\/index.php\/wp-json\/wp\/v2\/pages\/21\/revisions"}],"predecessor-version":[{"id":115,"href":"https:\/\/www.fv-hambach.de\/index.php\/wp-json\/wp\/v2\/pages\/21\/revisions\/115"}],"wp:attachment":[{"href":"https:\/\/www.fv-hambach.de\/index.php\/wp-json\/wp\/v2\/media?parent=21"}],"curies":[{"name":"wp","href":"https:\/\/api.w.org\/{rel}","templated":true}]}}